{"id":43,"date":"2017-10-30T15:22:21","date_gmt":"2017-10-30T14:22:21","guid":{"rendered":"http:\/\/euwps02.tecnavia.com\/ilmercoledi\/news\/?page_id=43"},"modified":"2017-10-30T15:57:30","modified_gmt":"2017-06-02T15:57:30","slug":"azienda","status":"publish","type":"page","link":"https:\/\/www.ilmercoledi.news\/azienda\/","title":{"rendered":"Azienda"},"content":{"rendered":"<p>L&#8217;Editrice Il Mercoled\u00ec &#8211; cooperativa giornalistica<br \/>\nL&#8217;Editrice Il Mercoled\u00ec &#8211; cooperativa giornalistica \u00e8 l&#8217;editore de Il Mercoled\u00ec, organo di informazione sulla rete web e settimanale di informazione locale molto diffuso nell&#8217;area sud-torinese. L&#8217;Editrice Il Mercoled\u00ec &#8211; cooperativa giornalistica \u00e8 costituita tra un gruppo di esperti e qualificati operatori della comunicazione ed ha sede sociale e struttura operativa a Moncalieri (To), in via Cavour 70. <\/p>\n<p>L&#8217;Editrice Il Mercoled\u00ec &#8211; cooperativa giornalistica \u00e8 un operatore specializzato nella produzione di informazione locale in tutti i suoi aspetti, spaziando dalla cronaca quotidiana, alla osservazione delle realt\u00e0 politico-amministrative; dalla divulgazione di eventi e manifestazioni, alla proposizione e valorizzazione di personaggi dell&#8217;attualit\u00e0, al recupero di situazioni ed avvenimenti storici. L&#8217;Editrice Il Mercoled\u00ec &#8211; cooperativa giornalistica offre service editoriali ad associazioni ed enti territoriali per la realizzazione di house organ, volumi e brochure per la comunicazione e la promozione delle loro attivit\u00e0 ed iniziative.<br \/>\nIL MERCOLEDI &#8211; radici antiche di un settimanale moderno<br \/>\nIl Mercoled\u00ec \u00e8 un organo di informazione che si rivolge sia all&#8217;utilizzatore di internet, con una versione specifica per il web, sia al lettore tradizionale che ha il piacere di leggere un giornale stampato sulla carta e proposto con una grafica moderna, accattivante e gradevole. Il Mercoled\u00ec nella versione &#8220;cartacea&#8221; \u00e8 molto diffuso in un vasto territorio dell&#8217;area sud-torinese e si pu\u00f2 acquistare in tutte le edicole della zona, che fa capo a Moncalieri, Carmagnola e Nichelino, oppure riceverlo comodamente a casa propria mediante un efficiente servizio postale, e con buon risparmio economico, sottoscrivendo un abbonamento. Abbonarsi \u00e8 molto semplice e comodo: basta aprire la sezione Abbonamenti on line del sito e seguire tutte le indicazioni e dopo pochi clic si pu\u00f2 ricevere tempestivamente Il Mercoled\u00ec a casa, in ufficio, in azienda.<\/p>\n<p>Il Mercoled\u00ec \u00e8 una pubblicazione consolidata, con una storia alle spalle nata nel 1995, ma che affonda in una precedente ed analoga esperienza iniziata vent&#8217;anni prima. Questo giornale a periodicit\u00e0 settimanale, come evidenzia la sua testata, esce ogni mercoled\u00ec; la sua \u00e8 una informazione autorevole e seria, perch\u00e8 realizzata da una redazione ramificata su tutto il territorio e presente con giornalisti di assoluta professionalit\u00e0 e collaudata preparazione in tutti i 12 Comuni che costituiscono il suo bacino di utenza.<\/p>\n<p>Il Mercoled\u00ec, nell&#8217;edizione cartacea, si presenta con edizioni settimanali che hanno uno sviluppo di 48-56 pagine, una parte delle quali realizzate in quadricromia, per offrire un adeguato risalto alle pi\u00f9 significative immagini di eventi spettacolari e di situazioni di particolare interesse, che meglio vengono espressi e testimoniati con una evidenziazione visiva.<\/p>\n<p>Il Mercoled\u00ec \u00e8 ricco di contenuti, espressi con linguaggio curato, ma al tempo stesso moderno, diretto e comprensibile a tutti. Per agevolare i lettori, e consentire loro di trovare agevolmente le notizie che cercano e che pi\u00f9 li interessano, e per offrire un giornale ordinato si articola secondo precise sezioni:<br \/>\ncronaca nera, con i maggiori fatti legati a situazioni luttuose e criminose;<br \/>\ncronaca bianca, con episodi e personaggi di interesse per il territorio di diffusione;<br \/>\ncronaca amministrativa, con le pi\u00f9 significative decisioni di Comuni ed Enti territoriali;<br \/>\ncultura e spettacolo, con tutte le manifestazioni e le iniziative artistiche e di tempo libero dell&#8217;area di riferimento e dei maggiori eventi torinesi;<br \/>\nsport, con servizi e notizie di tutte le attivit\u00e0 agonistiche che vedono impegnati squadre e atleti del territorio;<br \/>\nrubriche, con annunci legati alla persona nei momenti pi\u00f9 importanti della sua vita, avvisi commerciali per negoziazione di beni e proposte di lavoro o di scambio e cessione di oggetti.<br \/>\nA cadenza periodica Il Mercoled\u00ec dedica anche una propria sezione ad Enti, associazioni, istituti scolastici, che utilizzano lo spazio come proprio house organ per far conoscere ai propri aderenti o soci i programmi e ai lettori del settimanale la loro attivit\u00e0.<\/p>\n<p>Le pagine de Il Mercoled\u00ec sono anche una efficace vetrina per le attivit\u00e0 economiche che possono promuoversi o presentare i loro prodotti e servizi ad un pubblico vasto e qualificato. Le modalit\u00e0 di accesso all&#8217;utilizzo degli spazi commerciali si trovano nella sezione Pubblicit\u00e0 del sito, sulla home page de Il Mercoled\u00ec.<\/p>\n","protected":false},"excerpt":{"rendered":"","protected":false},"author":1,"featured_media":0,"parent":0,"menu_order":0,"comment_status":"closed","ping_status":"closed","template":"","meta":[],"_links":{"self":[{"href":"https:\/\/www.ilmercoledi.news\/ilmercoledi\/news\/wp-json\/wp\/v2\/pages\/43"}],"collection":[{"href":"https:\/\/www.ilmercoledi.news\/ilmercoledi\/news\/wp-json\/wp\/v2\/pages"}],"about":[{"href":"https:\/\/www.ilmercoledi.news\/ilmercoledi\/news\/wp-json\/wp\/v2\/types\/page"}],"author":[{"embeddable":true,"href":"https:\/\/www.ilmercoledi.news\/ilmercoledi\/news\/wp-json\/wp\/v2\/users\/1"}],"replies":[{"embeddable":true,"href":"https:\/\/www.ilmercoledi.news\/ilmercoledi\/news\/wp-json\/wp\/v2\/comments?post=43"}],"version-history":[{"count":4,"href":"https:\/\/www.ilmercoledi.news\/ilmercoledi\/news\/wp-json\/wp\/v2\/pages\/43\/revisions"}],"predecessor-version":[{"id":87,"href":"https:\/\/www.ilmercoledi.news\/ilmercoledi\/news\/wp-json\/wp\/v2\/pages\/43\/revisions\/87"}],"wp:attachment":[{"href":"https:\/\/www.ilmercoledi.news\/ilmercoledi\/news\/wp-json\/wp\/v2\/media?parent=43"}],"curies":[{"name":"wp","href":"https:\/\/api.w.org\/{rel}","templated":true}]}}