{"id":45,"date":"2023-01-10T19:12:01","date_gmt":"2023-01-10T18:12:01","guid":{"rendered":"http:\/\/euwps02.tecnavia.com\/ilmercoledi\/news\/?page_id=45"},"modified":"2023-01-10T19:16:36","modified_gmt":"2023-01-10T18:16:36","slug":"abbonati-on-line","status":"publish","type":"page","link":"https:\/\/www.ilmercoledi.news\/abbonati-on-line\/","title":{"rendered":"ABBONATI SUBITO"},"content":{"rendered":"<p>SERVIZIO DI ATTIVAZIONE<\/p>\n<ul class=\"nomargin\">\n<li>Abbonamento annuo (47 numeri)\u00a0<strong>euro 50,00<\/strong><\/li>\n<\/ul>\n<p>L&#8217;abbonamento annuale consente di risparmiare circa il 30% sul prezzo di acquisto in edicola.<\/p>\n<p>Modalit\u00e0 di pagamento:<\/p>\n<ul class=\"nomargin\">\n<li>sportello abbonamenti del settimanale &#8220;il Mercoled\u00ec&#8221;, Via Cavour 70, Moncalieri &#8211; TO<br \/>\n(orario: luned\u00ec &#8211; marted\u00ec, 9,00 &#8211; 18,00;\u00a0mercoled\u00ec &#8211; gioved\u00ec &#8211; venerd\u00ec, 9,00 &#8211; 12,30)<\/li>\n<li>tramite bollettino postale intestato a\u00a0<strong>Editrice Il Mercoled\u00ec soc. coop. giornalistica ar.l.\u00a0C.C.P. n. 4225528<\/strong><\/li>\n<li>tramite bonifico bancario intestato a\u00a0<strong>Editrice Il Mercoled\u00ec soc. coop. giornalistica ar.l.\u00a0IT 76 H 03268 20000 052884900420<\/strong><\/li>\n<\/ul>\n<p>In questi ultimi due casi invia copia del documento di pagamento all&#8217;indirizzo email <em>amministrazione.ilmercoledi@gmail.com<\/em>, unitamente a nome e indirizzo a cui intestare l&#8217;abbonamento.<\/p>\n<p>Oppure puoi scegliere la tua <strong>edizione digitale<\/strong> e pagare comodamente online! Scegli il tuo abbonamento tra:<\/p>\n<ul class=\"nomargin\">\n<li><a href=\"https:\/\/ilmercoledi-ita.newsmemory.com\/?purchase&amp;pSetup=ilmercoledi&amp;delivery=A\">Copia singola, 1.00\u00a0\u20ac<\/a><\/li>\n<li><a href=\"https:\/\/ilmercoledi-ita.newsmemory.com\/?purchase&amp;pSetup=ilmercoledi&amp;delivery=B\">Abbonamento semestrale, 25.00\u00a0\u20ac<\/a><\/li>\n<li><a href=\"https:\/\/ilmercoledi-ita.newsmemory.com\/?purchase&amp;pSetup=ilmercoledi&amp;delivery=C\">Abbonamento annuale, 45.00\u00a0\u20ac<\/a><\/li>\n<li><a href=\"https:\/\/ilmercoledi-ita.newsmemory.com\/?purchase&amp;pSetup=ilmercoledi&amp;delivery=D\">Abbonamento cartaceo+digitale un anno, 80.00\u00a0\u20ac<\/a><\/li>\n<\/ul>\n<p>Per qualsiasi segnalazione, contattare il numero telefonico 011.644542 o il fax 011.0704104.<\/p>\n","protected":false},"excerpt":{"rendered":"","protected":false},"author":1,"featured_media":0,"parent":0,"menu_order":1673377921,"comment_status":"closed","ping_status":"closed","template":"","meta":[],"_links":{"self":[{"href":"https:\/\/www.ilmercoledi.news\/ilmercoledi\/news\/wp-json\/wp\/v2\/pages\/45"}],"collection":[{"href":"https:\/\/www.ilmercoledi.news\/ilmercoledi\/news\/wp-json\/wp\/v2\/pages"}],"about":[{"href":"https:\/\/www.ilmercoledi.news\/ilmercoledi\/news\/wp-json\/wp\/v2\/types\/page"}],"author":[{"embeddable":true,"href":"https:\/\/www.ilmercoledi.news\/ilmercoledi\/news\/wp-json\/wp\/v2\/users\/1"}],"replies":[{"embeddable":true,"href":"https:\/\/www.ilmercoledi.news\/ilmercoledi\/news\/wp-json\/wp\/v2\/comments?post=45"}],"version-history":[{"count":29,"href":"https:\/\/www.ilmercoledi.news\/ilmercoledi\/news\/wp-json\/wp\/v2\/pages\/45\/revisions"}],"predecessor-version":[{"id":51018,"href":"https:\/\/www.ilmercoledi.news\/ilmercoledi\/news\/wp-json\/wp\/v2\/pages\/45\/revisions\/51018"}],"wp:attachment":[{"href":"https:\/\/www.ilmercoledi.news\/ilmercoledi\/news\/wp-json\/wp\/v2\/media?parent=45"}],"curies":[{"name":"wp","href":"https:\/\/api.w.org\/{rel}","templated":true}]}}