{"id":47,"date":"2017-10-30T15:23:34","date_gmt":"2017-10-30T14:23:34","guid":{"rendered":"http:\/\/euwps02.tecnavia.com\/ilmercoledi\/news\/?page_id=47"},"modified":"2023-11-15T16:33:21","modified_gmt":"2023-11-15T15:33:21","slug":"pubblicita","status":"publish","type":"page","link":"https:\/\/www.ilmercoledi.news\/pubblicita\/","title":{"rendered":"Pubblicit\u00e0"},"content":{"rendered":"<p>&#8220;il Mercoled\u00ec&#8221;, settimanale dell&#8217;area sud di Torino, diffuso su 15 comuni tra cui le tre pi\u00f9 grandi citt\u00e0, Moncalieri, Nichelino e Carmagnola, \u00e8 la vetrina ideale per la tua attivit\u00e0 economica e commerciale. Pertanto la pubblicit\u00e0 che viene ospitata sulle nostre pagine rappresenta un importante mezzo per raggiungere i vostri clienti e di potenziali altri consumatori del territorio. Ogni settimana decine di migliaia di lettori prendono spunto dalle nostre pubblicit\u00e0 per i loro acquisti.COMPILA LA SCHEDA SOTTOSTANTE E SENZA IMPEGNO.UN NOSTRO INCARICATO PROVVEDERA&#8217; A CONTATTARVI PER SODDISFARE LE VOSTRE RICHIESTE.<\/p>\n<p><iframe loading=\"lazy\" src=\"https:\/\/eufrm01.newsmemory.com\/ilmercolediforms\/forms\/inserzione\/\" width=\"100%\" height=\"1100\" frameborder=\"0\"><\/iframe><\/p>\n","protected":false},"excerpt":{"rendered":"","protected":false},"author":1,"featured_media":0,"parent":0,"menu_order":1509377014,"comment_status":"closed","ping_status":"closed","template":"","meta":[],"_links":{"self":[{"href":"https:\/\/www.ilmercoledi.news\/ilmercoledi\/news\/wp-json\/wp\/v2\/pages\/47"}],"collection":[{"href":"https:\/\/www.ilmercoledi.news\/ilmercoledi\/news\/wp-json\/wp\/v2\/pages"}],"about":[{"href":"https:\/\/www.ilmercoledi.news\/ilmercoledi\/news\/wp-json\/wp\/v2\/types\/page"}],"author":[{"embeddable":true,"href":"https:\/\/www.ilmercoledi.news\/ilmercoledi\/news\/wp-json\/wp\/v2\/users\/1"}],"replies":[{"embeddable":true,"href":"https:\/\/www.ilmercoledi.news\/ilmercoledi\/news\/wp-json\/wp\/v2\/comments?post=47"}],"version-history":[{"count":10,"href":"https:\/\/www.ilmercoledi.news\/ilmercoledi\/news\/wp-json\/wp\/v2\/pages\/47\/revisions"}],"predecessor-version":[{"id":57038,"href":"https:\/\/www.ilmercoledi.news\/ilmercoledi\/news\/wp-json\/wp\/v2\/pages\/47\/revisions\/57038"}],"wp:attachment":[{"href":"https:\/\/www.ilmercoledi.news\/ilmercoledi\/news\/wp-json\/wp\/v2\/media?parent=47"}],"curies":[{"name":"wp","href":"https:\/\/api.w.org\/{rel}","templated":true}]}}