{"id":678,"date":"2017-12-27T14:45:07","date_gmt":"2017-12-27T13:45:07","guid":{"rendered":"http:\/\/euwps02.tecnavia.com\/ilmercoledi\/news\/?page_id=678"},"modified":"2017-12-27T16:35:00","modified_gmt":"2017-07-30T16:35:00","slug":"privacy-policy","status":"publish","type":"page","link":"https:\/\/www.ilmercoledi.news\/privacy-policy\/","title":{"rendered":"Privacy policy"},"content":{"rendered":"<p>La presente informativa, resa ai sensi dell&#8217;art. 13 del D. Lgs. 196\/2003 &#8220;Codice in materia di protezione dei dati personali&#8221;, si riferisce al sito internet www.ilmercoledi.news (il &#8220;Sito&#8221;) nella titolarit\u00e0 di &#8220;Editrice Il Mercoled\u00ec Societ\u00e0 Cooperativa Giornalistica a r.l.&#8221; (&#8220;Editrice&#8221;); essa ha lo scopo di descrivere le modalit\u00e0 di gestione dei dati personali acquisiti attraverso questo Sito dalle persone che lo consultino. L&#8217;informativa \u00e8 resa soltanto per il Sito e non anche per altri siti web eventualmente consultati dall&#8217;utente tramite appositi link contenuti nel Sito ed \u00e8 destinata a tutti i soggetti che accedono al Sito (&#8220;Utenti&#8221;): sia a coloro che utilizzino il Sito senza effettuare alcuna registrazione, sia a coloro che, a seguito della procedura di registrazione, usufruiscano dei servizi dedicati agli utenti registrati. La presente informativa ha, inoltre, lo scopo di consentire agli Utenti di conoscere le finalit\u00e0 e modalit\u00e0 di trattamento dei dati personali da parte dell&#8217;Editrice. Gli Utenti dovranno leggere attentamente la presente informativa prima di inoltrare qualsiasi tipo di informazione personale e\/o compilare qualunque modulo elettronico presente sul Sito.<\/p>\n<p><strong>TIPOLOGIA DI DATI TRATTATI, FINALIT\u00c0 E MODALIT\u00c0 DEL TRATTAMENTO<\/strong><\/p>\n<p>A seguito della consultazione di questo Sito possono essere trattati dati relativi a persone identificate o identificabili. Nessun dato derivante dal Sito viene comunicato a terzi, o diffuso, fuori dai casi consentiti dalla legge. I dati personali sono trattati con strumenti automatizzati o in formato cartaceo per il tempo strettamente necessario a conseguire gli scopi per cui sono stati raccolti. I dati personali sono trattati da personale espressamente incaricato in funzione delle specifiche finalit\u00e0 dei servizi richiesti e sottoscritti. Per i trattamenti in oggetto, l&#8217;Editrice pu\u00f2 avvalersi dell&#8217;ausilio di aziende o collaboratori esterni, tramite personale espressamente incaricato, anche per finalit\u00e0 di manutenzione. Specifiche misure di sicurezza sono osservate per prevenire la perdita dei dati, usi illeciti o non corretti ed accessi non autorizzati. L&#8217;Editrice, in ogni caso, suggerisce agli utenti di adottare tutte misure idonee a proteggere i propri dati personali sia quando accedono alla rete Internet, che quando utilizzano le app attraverso smartphone e tablet.<\/p>\n<ol>\n<li>a) Dati di navigazione \u00c8 possibile accedere al Sito senza conferire alcun dato personale. Tuttavia i sistemi informatici e le procedure software preposte al funzionamento del Sito acquisiscono, nel corso del loro normale esercizio, alcuni dati personali (come ad esempio l&#8217;indirizzo IP dell&#8217;utente) che vengono poi trasmessi nell&#8217;uso dei protocolli di comunicazione Internet. Si tratta di informazioni che non sono raccolte con la finalit\u00e0 di essere associate a Utenti specifici, ma che, per loro stessa natura, potrebbero portare, attraverso elaborazioni ed associazioni con dati a disposizione di terzi, alla identificazione dell&#8217;Utente. Altri dati di navigazione che possono essere acquisiti dall&#8217;Editrice sono, ad esempio, i nomi a dominio dei sistemi o device utilizzati dagli utenti che si connettono al Sito; gli indirizzi in notazione URI (Uniform Resource Identifier) delle risorse richieste; la fascia oraria della richiesta al server; il metodo utilizzato nel sottoporre la richiesta al server; la dimensione del file ottenuto in risposta; la durata della permanenza sulla singola pagina del Sito; il codice numerico indicante lo stato della risposta data dal server ed altri parametri relativi al sistema operativo e all&#8217;ambiente informatico dell&#8217;Utente. I dati di navigazione vengono utilizzati al solo scopo di ricavare informazioni statistiche anonime sull&#8217;uso del Sito e per controllarne il corretto funzionamento e vengono cancellati nei limiti e nei termini previsti dalla normativa vigente. Anche questi dati, tuttavia, possono essere utilizzati al fine di reprimere e accertare condotte illecite ed eventuali responsabilit\u00e0 da parte degli Utenti del Sito.<\/li>\n<li>b) Dati forniti volontariamente dall&#8217;Utente L&#8217;Editrice raccoglie anche i dati personali inseriti dagli utenti nei form di registrazione ovvero volontariamente forniti dagli utenti stessi per partecipare a concorsi o iniziative organizzate dall&#8217;Editrice ovvero per richiedere beni o servizi, nonch\u00e9 i dati personali inoltrati dall&#8217;utente tramite posta elettronica. L&#8217;invio facoltativo, esplicito e volontario di dati personali agli indirizzi indicati sul Sito, o attraverso i form contenuti su di esso comporta la loro successiva acquisizione ed elaborazione necessaria per far fronte alle richieste dell&#8217;Utente (tra i quali, in via esemplificativa e non esaustiva, si indicano: la partecipazione a concorsi, l&#8217;invio di candidature; indicazioni di gradimento sugli articoli o parti del Sito; l&#8217;invio di testi da sottoporre alla Redazione; la richiesta di semplici informazioni, commenti agli articoli etc.). Il mancato conferimento delle informazioni personali pu\u00f2 comportare l&#8217;impossibilit\u00e0 di ottenere quanto richiesto. Specifiche informative di sintesi potranno essere predisposte e visualizzate per particolari servizi a richiesta.<\/li>\n<\/ol>\n<p><strong>LUOGO DEL TRATTAMENTO<\/strong><\/p>\n<p>I trattamenti connessi ai servizi del Sito hanno luogo presso la predetta sede dell&#8217;Editrice. I dati vengono trattati attraverso i server del fornitore del servizio di hosting del Sito.<\/p>\n<p><strong>NATURA OBBLIGATORIA O FACOLTATIVA DEL CONFERIMENTO DEI DATI<\/strong><\/p>\n<p>A parte quanto specificato per i dati di navigazione, alcuni dati richiesti per la registrazione al Sito e per ottenere beni, o per accedere a servizi, sono obbligatori e il loro mancato conferimento comporta l&#8217;impossibilit\u00e0 di registrarsi al Sito. In particolare, si specifica, che nei form di registrazione i dati personali il cui conferimento sia obbligatorio per dar seguito alle richieste dell&#8217;Utente potr\u00e0 essere individuato con il simbolo asterisco &#8220;*&#8221;.<\/p>\n<p><strong>AMBITO DI COMUNICAZIONE E DIFFUSIONE DEI DATI<\/strong><\/p>\n<p>Per il perseguimento delle finalit\u00e0 di cui alla presente informativa e nei limiti di quanto a ci\u00f2 strettamente necessario, i dati saranno trattati dai dipendenti e collaboratori della Editrice. Potranno, inoltre, essere comunicati a soggetti che svolgano attivit\u00e0 connesse e strumentali alle attivit\u00e0 svolte dall&#8217;Editrice. I dati personali non sono destinati alla diffusione.<\/p>\n<p><strong>TITOLARE E RESPONSABILE DEL TRATTAMENTO<\/strong><\/p>\n<p>Titolare del trattamento \u00e8 Editrice Il Mercoled\u00ec Societ\u00e0 Cooperativa Giornalistica a r.l., con sede in Via Cavour 70, 10024 Moncalieri.<\/p>\n<p><strong>I DIRITTI DEGLI INTERESSATI<\/strong><\/p>\n<p>Gli Utenti del sito possono esercitare tutti i diritti indicati dall&#8217;articolo 7 del d.lgs. 196\/03. Tali diritti potranno essere esercitati secondo le modalit\u00e0 indicate dagli artt. 8 e 9 del suddetto Codice della Privacy. In particolare, l&#8217;Utente potr\u00e0:<\/p>\n<p>(I) ottenere indicazione: a) dell&#8217;origine dei dati personali; b) delle finalit\u00e0 e modalit\u00e0 del trattamento; c) della logica applicata in caso di trattamento effettuato con l&#8217;ausilio di strumenti elettronici; d) degli estremi identificativi del titolare, dei responsabili e del rappresentante designato ai sensi dell&#8217;articolo 5, comma 2; e) dei soggetti o delle categorie di soggetti ai quali i dati personali possono essere comunicati o che possono venirne a conoscenza in qualit\u00e0 di rappresentante designato nel territorio dello Stato, di responsabili o incaricati.<\/p>\n<p>(II) ottenere: a) l&#8217;aggiornamento, la rettificazione ovvero, quando vi ha interesse, l&#8217;integrazione dei dati; b) la cancellazione, la trasformazione in forma anonima o il blocco dei dati trattati in violazione di legge, compresi quelli di cui non \u00e8 necessaria la conservazione in relazione agli scopi per i quali i dati sono stati raccolti o successivamente trattati; c) l&#8217;attestazione che le operazioni di cui alle lettere a) e b) del punto II sono state portate a conoscenza, anche per quanto riguarda il loro contenuto, di coloro ai quali i dati sono stati comunicati o diffusi, eccettuato il caso in cui tale adempimento si rivela impossibile o comporta un impiego di mezzi manifestamente sproporzionato rispetto al diritto tutelato.<\/p>\n<p>(III) opporsi, in tutto o in parte: a) per motivi legittimi al trattamento dei dati personali che lo riguardano, ancorch\u00e9 pertinenti allo scopo della raccolta; b) al trattamento di dati personali che lo riguardano a fini di invio di materiale pubblicitario o di vendita diretta o per il compimento di ricerche di mercato o di comunicazione commerciale.<\/p>\n<p>L&#8217;Utente potr\u00e0 esercitare i diritti di cui all&#8217;articolo 7 del Codice Privacy, nonch\u00e9 conoscere l&#8217;elenco completo ed aggiornato dei responsabili del trattamento, comunicando con l&#8217;Editrice attraverso email all&#8217;indirizzo <a href=\"mailto:ilmercoledi.moncalieri@gmail.com\">ilmercoledi.moncalieri@gmail.com<\/a><\/p>\n<p>&nbsp;<\/p>\n","protected":false},"excerpt":{"rendered":"","protected":false},"author":2,"featured_media":0,"parent":0,"menu_order":1514385907,"comment_status":"closed","ping_status":"closed","template":"","meta":[],"_links":{"self":[{"href":"https:\/\/www.ilmercoledi.news\/ilmercoledi\/news\/wp-json\/wp\/v2\/pages\/678"}],"collection":[{"href":"https:\/\/www.ilmercoledi.news\/ilmercoledi\/news\/wp-json\/wp\/v2\/pages"}],"about":[{"href":"https:\/\/www.ilmercoledi.news\/ilmercoledi\/news\/wp-json\/wp\/v2\/types\/page"}],"author":[{"embeddable":true,"href":"https:\/\/www.ilmercoledi.news\/ilmercoledi\/news\/wp-json\/wp\/v2\/users\/2"}],"replies":[{"embeddable":true,"href":"https:\/\/www.ilmercoledi.news\/ilmercoledi\/news\/wp-json\/wp\/v2\/comments?post=678"}],"version-history":[{"count":2,"href":"https:\/\/www.ilmercoledi.news\/ilmercoledi\/news\/wp-json\/wp\/v2\/pages\/678\/revisions"}],"predecessor-version":[{"id":681,"href":"https:\/\/www.ilmercoledi.news\/ilmercoledi\/news\/wp-json\/wp\/v2\/pages\/678\/revisions\/681"}],"wp:attachment":[{"href":"https:\/\/www.ilmercoledi.news\/ilmercoledi\/news\/wp-json\/wp\/v2\/media?parent=678"}],"curies":[{"name":"wp","href":"https:\/\/api.w.org\/{rel}","templated":true}]}}